{"id":695,"date":"2022-10-27T11:24:16","date_gmt":"2022-10-27T09:24:16","guid":{"rendered":"https:\/\/minirentall.it\/mensile\/?post_type=product&#038;p=695"},"modified":"2026-01-08T15:34:57","modified_gmt":"2026-01-08T14:34:57","slug":"suv-intermedio-categoria-g","status":"publish","type":"product","link":"https:\/\/minirentall.it\/mensile\/auto\/suv-intermedio-categoria-g\/","title":{"rendered":"SUV &#8211; CATEGORIA G"},"content":{"rendered":"","protected":false},"excerpt":{"rendered":"<div class=\"wpb_text_column wpb_content_element vc_custom_1653913441314\">\n<div class=\"wpb_wrapper\">\n<p>La scelta si riferisce alla categoria, non al modello. Ecco alcuni esempi di veicoli che potrebbero essere assegnati in fase di ritiro.<\/p>\n<p>&nbsp;<\/p>\n<\/div>\n<\/div>\n<div class=\"wpb_text_column wpb_content_element vc_custom_1656342188228 elenco-auto\">\n<div class=\"wpb_wrapper\">\n<ul>\n<li>Volkswagen T-Roc 1.0 100CV Tsi<\/li>\n<li>Nissan Qashqai Business Dig-T 140<\/li>\n<li>Seat Ateca Business 2.0 Tdi 150CV<\/li>\n<\/ul>\n<\/div>\n<p>&nbsp;<\/p>\n<p><strong>PREZZO MENSILE:<\/strong> 1.039,50 \u20ac (iva esclusa)<\/p>\n<\/div>\n<p>&nbsp;<\/p>\n<div class=\"wpb_text_column wpb_content_element vc_custom_1667571042883\">\n<div class=\"wpb_wrapper\">\n<p><span style=\"font-size: 12px; text-decoration: underline;\"><strong>LA TARIFFA NON INCLUDE:<\/strong><\/span><br \/>\n<span style=\"font-size: 12px;\"><strong>\u2013 Oneri aeroportuali (+18%)<\/strong><\/span><br \/>\n<span style=\"font-size: 12px;\"><strong>\u2013 Oneri ferroviari (+14%)<\/strong><\/span><br \/>\n<span style=\"font-size: 12px;\"><strong>Calcolati sul totale del noleggio tasse escluse.<\/strong><\/span><\/p>\n<\/div>\n<\/div>\n<div class=\"wpb_wrapper\">\n<p>&nbsp;<\/p>\n<p><span style=\"font-size: 12px; text-decoration: underline;\"><strong>PAGAMENTI ACCETTATI:<\/strong><\/span><br \/>\n<img decoding=\"async\" style=\"width: 300px; margin: 10px 0px;\" src=\"https:\/\/minirentall.it\/mensile\/wp-content\/uploads\/2023\/07\/pagamenti-accettati.jpg\" alt=\"pagamenti\" \/><br \/>\n<span style=\"font-size: 12px; line-height: 15px;\"><strong>Per noleggiare un veicolo \u00e8 necessario essere in possesso di una carta di credito tradizionale intestata a chi ritira il veicolo. \u00c8 l\u2019unica modalit\u00e0 di pagamento accettata.<\/strong><\/span><\/p>\n<\/div>\n<p>&nbsp;<\/p>\n<p>&nbsp;<\/p>\n<p>Il contratto verr\u00e0 rinnovato allo scadere dei 30 giorni in accordo con l&#8217;agenzia dove \u00e8 stata ritirata la vettura.<\/p>\n","protected":false},"featured_media":624,"template":"","meta":[],"product_cat":[17],"product_tag":[],"yoast_head":"<!-- This site is optimized with the Yoast SEO plugin v19.9 - https:\/\/yoast.com\/wordpress\/plugins\/seo\/ -->\n<title>SUV - CATEGORIA G - Minirentall<\/title>\n<meta name=\"robots\" content=\"index, follow, max-snippet:-1, max-image-preview:large, max-video-preview:-1\" \/>\n<link rel=\"canonical\" href=\"https:\/\/minirentall.it\/mensile\/auto\/suv-intermedio-categoria-g\/\" \/>\n<meta property=\"og:locale\" content=\"it_IT\" \/>\n<meta property=\"og:type\" content=\"article\" \/>\n<meta property=\"og:title\" content=\"SUV - CATEGORIA G - Minirentall\" \/>\n<meta property=\"og:description\" content=\"La scelta si riferisce alla categoria, non al modello. Ecco alcuni esempi di veicoli che potrebbero essere assegnati in fase di ritiro.  &nbsp;        Volkswagen T-Roc 1.0 100CV Tsi  Nissan Qashqai Business Dig-T 140  Seat Ateca Business 2.0 Tdi 150CV   &nbsp;  PREZZO MENSILE: 1.039,50 \u20ac (iva esclusa)   &nbsp;    LA TARIFFA NON INCLUDE: \u2013 Oneri aeroportuali (+18%) \u2013 Oneri ferroviari (+14%) Calcolati sul totale del noleggio tasse escluse.      &nbsp;  PAGAMENTI ACCETTATI:  Per noleggiare un veicolo \u00e8 necessario essere in possesso di una carta di credito tradizionale intestata a chi ritira il veicolo. \u00c8 l\u2019unica modalit\u00e0 di pagamento accettata.   &nbsp;  &nbsp;  Il contratto verr\u00e0 rinnovato allo scadere dei 30 giorni in accordo con l&#039;agenzia dove \u00e8 stata ritirata la vettura.\" \/>\n<meta property=\"og:url\" content=\"https:\/\/minirentall.it\/mensile\/auto\/suv-intermedio-categoria-g\/\" \/>\n<meta property=\"og:site_name\" content=\"Minirentall\" \/>\n<meta property=\"article:modified_time\" content=\"2026-01-08T14:34:57+00:00\" \/>\n<meta property=\"og:image\" content=\"https:\/\/minirentall.it\/mensile\/wp-content\/uploads\/2022\/10\/volkswagen-troc.jpg\" \/>\n\t<meta property=\"og:image:width\" content=\"1280\" \/>\n\t<meta property=\"og:image:height\" content=\"870\" \/>\n\t<meta property=\"og:image:type\" content=\"image\/jpeg\" \/>\n<meta name=\"twitter:card\" content=\"summary_large_image\" \/>\n<script type=\"application\/ld+json\" class=\"yoast-schema-graph\">{\"@context\":\"https:\/\/schema.org\",\"@graph\":[{\"@type\":\"WebPage\",\"@id\":\"https:\/\/minirentall.it\/mensile\/auto\/suv-intermedio-categoria-g\/\",\"url\":\"https:\/\/minirentall.it\/mensile\/auto\/suv-intermedio-categoria-g\/\",\"name\":\"SUV - CATEGORIA G - Minirentall\",\"isPartOf\":{\"@id\":\"https:\/\/minirentall.it\/mensile\/#website\"},\"datePublished\":\"2022-10-27T09:24:16+00:00\",\"dateModified\":\"2026-01-08T14:34:57+00:00\",\"breadcrumb\":{\"@id\":\"https:\/\/minirentall.it\/mensile\/auto\/suv-intermedio-categoria-g\/#breadcrumb\"},\"inLanguage\":\"it-IT\",\"potentialAction\":[{\"@type\":\"ReadAction\",\"target\":[\"https:\/\/minirentall.it\/mensile\/auto\/suv-intermedio-categoria-g\/\"]}]},{\"@type\":\"BreadcrumbList\",\"@id\":\"https:\/\/minirentall.it\/mensile\/auto\/suv-intermedio-categoria-g\/#breadcrumb\",\"itemListElement\":[{\"@type\":\"ListItem\",\"position\":1,\"name\":\"Home\",\"item\":\"https:\/\/minirentall.it\/mensile\/\"},{\"@type\":\"ListItem\",\"position\":2,\"name\":\"Prodotti\",\"item\":\"https:\/\/minirentall.it\/mensile\/shop\/\"},{\"@type\":\"ListItem\",\"position\":3,\"name\":\"SUV &#8211; CATEGORIA G\"}]},{\"@type\":\"WebSite\",\"@id\":\"https:\/\/minirentall.it\/mensile\/#website\",\"url\":\"https:\/\/minirentall.it\/mensile\/\",\"name\":\"Minirentall\",\"description\":\"Noleggio a breve, medio e lungo termine\",\"potentialAction\":[{\"@type\":\"SearchAction\",\"target\":{\"@type\":\"EntryPoint\",\"urlTemplate\":\"https:\/\/minirentall.it\/mensile\/?s={search_term_string}\"},\"query-input\":\"required name=search_term_string\"}],\"inLanguage\":\"it-IT\"}]}<\/script>\n<!-- \/ Yoast SEO plugin. -->","yoast_head_json":{"title":"SUV - CATEGORIA G - Minirentall","robots":{"index":"index","follow":"follow","max-snippet":"max-snippet:-1","max-image-preview":"max-image-preview:large","max-video-preview":"max-video-preview:-1"},"canonical":"https:\/\/minirentall.it\/mensile\/auto\/suv-intermedio-categoria-g\/","og_locale":"it_IT","og_type":"article","og_title":"SUV - CATEGORIA G - Minirentall","og_description":"La scelta si riferisce alla categoria, non al modello. Ecco alcuni esempi di veicoli che potrebbero essere assegnati in fase di ritiro.  &nbsp;        Volkswagen T-Roc 1.0 100CV Tsi  Nissan Qashqai Business Dig-T 140  Seat Ateca Business 2.0 Tdi 150CV   &nbsp;  PREZZO MENSILE: 1.039,50 \u20ac (iva esclusa)   &nbsp;    LA TARIFFA NON INCLUDE: \u2013 Oneri aeroportuali (+18%) \u2013 Oneri ferroviari (+14%) Calcolati sul totale del noleggio tasse escluse.      &nbsp;  PAGAMENTI ACCETTATI:  Per noleggiare un veicolo \u00e8 necessario essere in possesso di una carta di credito tradizionale intestata a chi ritira il veicolo. \u00c8 l\u2019unica modalit\u00e0 di pagamento accettata.   &nbsp;  &nbsp;  Il contratto verr\u00e0 rinnovato allo scadere dei 30 giorni in accordo con l'agenzia dove \u00e8 stata ritirata la vettura.","og_url":"https:\/\/minirentall.it\/mensile\/auto\/suv-intermedio-categoria-g\/","og_site_name":"Minirentall","article_modified_time":"2026-01-08T14:34:57+00:00","og_image":[{"width":1280,"height":870,"url":"https:\/\/minirentall.it\/mensile\/wp-content\/uploads\/2022\/10\/volkswagen-troc.jpg","type":"image\/jpeg"}],"twitter_card":"summary_large_image","schema":{"@context":"https:\/\/schema.org","@graph":[{"@type":"WebPage","@id":"https:\/\/minirentall.it\/mensile\/auto\/suv-intermedio-categoria-g\/","url":"https:\/\/minirentall.it\/mensile\/auto\/suv-intermedio-categoria-g\/","name":"SUV - CATEGORIA G - Minirentall","isPartOf":{"@id":"https:\/\/minirentall.it\/mensile\/#website"},"datePublished":"2022-10-27T09:24:16+00:00","dateModified":"2026-01-08T14:34:57+00:00","breadcrumb":{"@id":"https:\/\/minirentall.it\/mensile\/auto\/suv-intermedio-categoria-g\/#breadcrumb"},"inLanguage":"it-IT","potentialAction":[{"@type":"ReadAction","target":["https:\/\/minirentall.it\/mensile\/auto\/suv-intermedio-categoria-g\/"]}]},{"@type":"BreadcrumbList","@id":"https:\/\/minirentall.it\/mensile\/auto\/suv-intermedio-categoria-g\/#breadcrumb","itemListElement":[{"@type":"ListItem","position":1,"name":"Home","item":"https:\/\/minirentall.it\/mensile\/"},{"@type":"ListItem","position":2,"name":"Prodotti","item":"https:\/\/minirentall.it\/mensile\/shop\/"},{"@type":"ListItem","position":3,"name":"SUV &#8211; CATEGORIA G"}]},{"@type":"WebSite","@id":"https:\/\/minirentall.it\/mensile\/#website","url":"https:\/\/minirentall.it\/mensile\/","name":"Minirentall","description":"Noleggio a breve, medio e lungo termine","potentialAction":[{"@type":"SearchAction","target":{"@type":"EntryPoint","urlTemplate":"https:\/\/minirentall.it\/mensile\/?s={search_term_string}"},"query-input":"required name=search_term_string"}],"inLanguage":"it-IT"}]}},"_links":{"self":[{"href":"https:\/\/minirentall.it\/mensile\/wp-json\/wp\/v2\/product\/695"}],"collection":[{"href":"https:\/\/minirentall.it\/mensile\/wp-json\/wp\/v2\/product"}],"about":[{"href":"https:\/\/minirentall.it\/mensile\/wp-json\/wp\/v2\/types\/product"}],"wp:featuredmedia":[{"embeddable":true,"href":"https:\/\/minirentall.it\/mensile\/wp-json\/wp\/v2\/media\/624"}],"wp:attachment":[{"href":"https:\/\/minirentall.it\/mensile\/wp-json\/wp\/v2\/media?parent=695"}],"wp:term":[{"taxonomy":"product_cat","embeddable":true,"href":"https:\/\/minirentall.it\/mensile\/wp-json\/wp\/v2\/product_cat?post=695"},{"taxonomy":"product_tag","embeddable":true,"href":"https:\/\/minirentall.it\/mensile\/wp-json\/wp\/v2\/product_tag?post=695"}],"curies":[{"name":"wp","href":"https:\/\/api.w.org\/{rel}","templated":true}]}}